{"id":128,"date":"2021-03-13T02:36:25","date_gmt":"2021-03-12T23:36:25","guid":{"rendered":"https:\/\/metehancnc.com\/rumedyam\/?page_id=128"},"modified":"2021-03-13T04:05:40","modified_gmt":"2021-03-13T01:05:40","slug":"makina-parki","status":"publish","type":"page","link":"https:\/\/metehancnc.com\/de\/makina-parki\/","title":{"rendered":"MASCHINEN PARK"},"content":{"rendered":"<div id=\"modal-ready\"><p><img loading=\"lazy\" decoding=\"async\" class=\"icerik_ortali_resim alignnone wp-image-129 size-full\" src=\"https:\/\/metehancnc.com\/rumedyam\/wp-content\/uploads\/2021\/03\/makina_parki.jpg\" alt=\"\" width=\"953\" height=\"255\" srcset=\"https:\/\/metehancnc.com\/wp-content\/uploads\/2021\/03\/makina_parki.jpg 953w, https:\/\/metehancnc.com\/wp-content\/uploads\/2021\/03\/makina_parki-300x80.jpg 300w, https:\/\/metehancnc.com\/wp-content\/uploads\/2021\/03\/makina_parki-768x205.jpg 768w\" sizes=\"auto, (max-width: 953px) 100vw, 953px\" \/><\/p>\n<table id=\"park\">\n<tbody>\n<tr id=\"park_baslik\">\n<td colspan=\"4\" align=\"center\">INFORMATIONEN \u00dcBER WERKZEUGMASCHINEN \/ ARBEITSZENTRUM<\/td>\n<\/tr>\n<tr id=\"park_baslik\">\n<td colspan=\"2\" align=\"center\">TYPE<\/td>\n<td align=\"center\">MARKE<\/td>\n<td align=\"center\">BETRIEBSFUNKTION<\/td>\n<\/tr>\n<tr>\n<td align=\"center\">1<\/td>\n<td>8&#8243; CNC DREHMASCHINE (2 St\u00fcck)<\/td>\n<td>MAZAK<\/td>\n<td>\u00d8220 x 600 mm<\/td>\n<\/tr>\n<tr id=\"park_icerik\">\n<td align=\"center\">2<\/td>\n<td>10&#8243; CNC DREHMASCHINE (1 St\u00fcck)<\/td>\n<td>FEELER <\/td>\n<td>\u00d820 &#8211; \u00d8450 x 600 mm <\/td>\n<\/tr>\n<tr>\n<td align=\"center\">3<\/td>\n<td>CNC DREHMASCHINE (1 St\u00fcck)<\/td>\n<td>OKUMA<\/td>\n<td>\u00d815 x \u00d8350 x 1000 mm <\/td>\n<\/tr>\n<tr id=\"park_icerik\">\n<td align=\"center\">4<\/td>\n<td>1 meter DREHBANK (1 St\u00fcck)<\/td>\n<td>TOSS<\/td>\n<td>\u00d810 &#8211; 630 mm<\/td>\n<\/tr>\n<tr>\n<td align=\"center\">5<\/td>\n<td>2 meter DREHBANK (2 St\u00fcck)<\/td>\n<td>TOSS<\/td>\n<td>\u00d810 630 mm<\/td>\n<\/tr>\n<tr id=\"park_icerik\">\n<td align=\"center\">6<\/td>\n<td>WERKZEUGFR\u00c4SMASCHINE (2 St\u00fcck)<\/td>\n<td>&nbsp;<\/td>\n<td>&nbsp;<\/td>\n<\/tr>\n<tr>\n<td align=\"center\">7<\/td>\n<td>4 ACHSEN VERTIKAL BEARBEITUNGSZENTRUM (1 St\u00fcck)<\/td>\n<td>&nbsp;<\/td>\n<td>1500 x 800 x 800<\/td>\n<\/tr>\n<tr id=\"park_icerik\">\n<td align=\"center\">8<\/td>\n<td>BEARBEITUNGSZENTRUM<\/td>\n<td>&nbsp;<\/td>\n<td>1100 x 600 x 600 <\/td>\n<\/tr>\n<tr>\n<td align=\"center\">9<\/td>\n<td>6 MODULE ZAHNRAD ABW\u00c4LZFR\u00c4SMASCHINE (1 St\u00fcck)<\/td>\n<td>&nbsp;<\/td>\n<td>&nbsp;<\/td>\n<\/tr>\n<tr id=\"park_icerik\">\n<td align=\"center\">10<\/td>\n<td>RUNDSCHLEIFEN FLACHSCHLEIFEN BEARBEITUNGSZENTRUM<\/td>\n<td>&nbsp;<\/td>\n<td>&nbsp;<\/td>\n<\/tr>\n<tr>\n<td align=\"center\">11<\/td>\n<td>SONSTIGE BOHRMASCHINEN<\/td>\n<td>&nbsp;<\/td>\n<td>&nbsp;<\/td>\n<\/tr>\n<\/tbody>\n<\/table>\n<p><\/p>\n<\/div>","protected":false},"excerpt":{"rendered":"<p>INFORMATIONEN \u00dcBER WERKZEUGMASCHINEN \/ ARBEITSZENTRUM TYPE MARKE BETRIEBSFUNKTION 1 8&#8243; CNC DREHMASCHINE (2 St\u00fcck) MAZAK \u00d8220 x 600 mm 2 10&#8243; CNC DREHMASCHINE (1 St\u00fcck) FEELER \u00d820 &#8211; \u00d8450 x 600 mm 3 CNC DREHMASCHINE (1 St\u00fcck) OKUMA \u00d815 x \u00d8350 x 1000 mm 4 1 meter DREHBANK (1 St\u00fcck) TOSS \u00d810 &#8211; 630 mm [&hellip;]<\/p>\n","protected":false},"author":1,"featured_media":0,"parent":0,"menu_order":0,"comment_status":"closed","ping_status":"closed","template":"","meta":{"footnotes":""},"class_list":["post-128","page","type-page","status-publish","hentry"],"_links":{"self":[{"href":"https:\/\/metehancnc.com\/de\/wp-json\/wp\/v2\/pages\/128","targetHints":{"allow":["GET"]}}],"collection":[{"href":"https:\/\/metehancnc.com\/de\/wp-json\/wp\/v2\/pages"}],"about":[{"href":"https:\/\/metehancnc.com\/de\/wp-json\/wp\/v2\/types\/page"}],"author":[{"embeddable":true,"href":"https:\/\/metehancnc.com\/de\/wp-json\/wp\/v2\/users\/1"}],"replies":[{"embeddable":true,"href":"https:\/\/metehancnc.com\/de\/wp-json\/wp\/v2\/comments?post=128"}],"version-history":[{"count":4,"href":"https:\/\/metehancnc.com\/de\/wp-json\/wp\/v2\/pages\/128\/revisions"}],"predecessor-version":[{"id":134,"href":"https:\/\/metehancnc.com\/de\/wp-json\/wp\/v2\/pages\/128\/revisions\/134"}],"wp:attachment":[{"href":"https:\/\/metehancnc.com\/de\/wp-json\/wp\/v2\/media?parent=128"}],"curies":[{"name":"wp","href":"https:\/\/api.w.org\/{rel}","templated":true}]}}