{"id":135,"date":"2021-03-13T02:43:19","date_gmt":"2021-03-12T23:43:19","guid":{"rendered":"https:\/\/metehancnc.com\/rumedyam\/?page_id=135"},"modified":"2021-03-13T04:05:40","modified_gmt":"2021-03-13T01:05:40","slug":"kalite-politikasi","status":"publish","type":"page","link":"https:\/\/metehancnc.com\/de\/kalite-politikasi\/","title":{"rendered":"QUALIT\u00c4TSPOLITIK"},"content":{"rendered":"<div id=\"modal-ready\"><p><img loading=\"lazy\" decoding=\"async\" class=\"icerik_ortali_resim alignnone wp-image-136 size-full\" src=\"https:\/\/metehancnc.com\/rumedyam\/wp-content\/uploads\/2021\/03\/kalite_politikasi.jpg\" alt=\"\" width=\"953\" height=\"255\" srcset=\"https:\/\/metehancnc.com\/wp-content\/uploads\/2021\/03\/kalite_politikasi.jpg 953w, https:\/\/metehancnc.com\/wp-content\/uploads\/2021\/03\/kalite_politikasi-300x80.jpg 300w, https:\/\/metehancnc.com\/wp-content\/uploads\/2021\/03\/kalite_politikasi-768x205.jpg 768w\" sizes=\"auto, (max-width: 953px) 100vw, 953px\" \/><br \/>\nAmac\u0131m\u0131z, METEHAN CNC MAK\u0130NA OTOMOT\u0130V YEDEK PAR\u00c7A \u0130MALAT SANAY\u0130&#8217;nin vizyonu do\u011frultusunda;<\/p>\n<p>\u2022 Kalite, fiyat ve verimlilik a\u00e7\u0131s\u0131ndan rekabet edebilir seviyede mal \u00fcretebilmesi,<br \/>\n\u2022 M\u00fc\u015fteri memnuniyetini \u00f6n planda tutarak hizmet verilmesi,<br \/>\n\u2022 Kalite y\u00f6netim sistemimizin ISO 9001 standard\u0131n\u0131n gereklerini yerine getirecek \u015fekilde dok\u00fcmante edilmesi, belgelendirilmesi ve s\u00fcrekli iyile\u015ftirilmesi,<br \/>\n\u2022 Toplam Kalite felsefesini esas alarak, tak\u0131m ruhu i\u00e7erisinde \u015firket ve birim hedeflerine ula\u015f\u0131lmas\u0131,<br \/>\n\u2022 \u0130\u015f s\u00fcre\u00e7lerimizin \u00f6zde\u011ferlendirme s\u00fcreci ile g\u00f6zden ge\u00e7irilerek, performans\u0131m\u0131z\u0131 geli\u015ftirecek \u00f6nleyici yakla\u015f\u0131mlar\u0131n belirlenmesi,<br \/>\n\u2022 S\u00fcrekli iyile\u015ftirme yakla\u015f\u0131m\u0131 do\u011frultusunda t\u00fcm s\u00fcre\u00e7lerimizdeki verimlili\u011fin uluslararas\u0131 d\u00fczeyde rekabet edebilecek seviyeye y\u00fckseltilmesi,<br \/>\n\u2022 Yenilik\u00e7i ve yarat\u0131c\u0131 yakla\u015f\u0131mlar\u0131n cesaretlendirilmesi, teknik ve davran\u0131\u015fsal yetkinlikleri art\u0131racak e\u011fitimlerin ger\u00e7ekle\u015ftirilmesi<\/p>\n<p>y\u00f6n\u00fcnde faaliyetlerimizi y\u00f6neterek, firmam\u0131z\u0131n T\u00fcrk sanayisine b\u00fcy\u00fck hizmetler veren, uluslararas\u0131 boyutta kalite ve \u00fcreticili\u011fini kan\u0131tlam\u0131\u015f, s\u00fcrekli geli\u015fen ve dal\u0131nda d\u00fcnya lideri bir sanayi kurulu\u015fu haline gelmektir.<\/p>\n<\/div>","protected":false},"excerpt":{"rendered":"<p>Amac\u0131m\u0131z, METEHAN CNC MAK\u0130NA OTOMOT\u0130V YEDEK PAR\u00c7A \u0130MALAT SANAY\u0130&#8217;nin vizyonu do\u011frultusunda; \u2022 Kalite, fiyat ve verimlilik a\u00e7\u0131s\u0131ndan rekabet edebilir seviyede mal \u00fcretebilmesi, \u2022 M\u00fc\u015fteri memnuniyetini \u00f6n planda tutarak hizmet verilmesi, \u2022 Kalite y\u00f6netim sistemimizin ISO 9001 standard\u0131n\u0131n gereklerini yerine getirecek \u015fekilde dok\u00fcmante edilmesi, belgelendirilmesi ve s\u00fcrekli iyile\u015ftirilmesi, \u2022 Toplam Kalite felsefesini esas alarak, tak\u0131m ruhu [&hellip;]<\/p>\n","protected":false},"author":1,"featured_media":0,"parent":0,"menu_order":0,"comment_status":"closed","ping_status":"closed","template":"","meta":{"footnotes":""},"class_list":["post-135","page","type-page","status-publish","hentry"],"_links":{"self":[{"href":"https:\/\/metehancnc.com\/de\/wp-json\/wp\/v2\/pages\/135","targetHints":{"allow":["GET"]}}],"collection":[{"href":"https:\/\/metehancnc.com\/de\/wp-json\/wp\/v2\/pages"}],"about":[{"href":"https:\/\/metehancnc.com\/de\/wp-json\/wp\/v2\/types\/page"}],"author":[{"embeddable":true,"href":"https:\/\/metehancnc.com\/de\/wp-json\/wp\/v2\/users\/1"}],"replies":[{"embeddable":true,"href":"https:\/\/metehancnc.com\/de\/wp-json\/wp\/v2\/comments?post=135"}],"version-history":[{"count":4,"href":"https:\/\/metehancnc.com\/de\/wp-json\/wp\/v2\/pages\/135\/revisions"}],"predecessor-version":[{"id":144,"href":"https:\/\/metehancnc.com\/de\/wp-json\/wp\/v2\/pages\/135\/revisions\/144"}],"wp:attachment":[{"href":"https:\/\/metehancnc.com\/de\/wp-json\/wp\/v2\/media?parent=135"}],"curies":[{"name":"wp","href":"https:\/\/api.w.org\/{rel}","templated":true}]}}