{"id":151,"date":"2021-03-13T02:57:49","date_gmt":"2021-03-12T23:57:49","guid":{"rendered":"https:\/\/metehancnc.com\/rumedyam\/?page_id=151"},"modified":"2021-03-13T04:05:40","modified_gmt":"2021-03-13T01:05:40","slug":"kalite-sistemi","status":"publish","type":"page","link":"https:\/\/metehancnc.com\/de\/kalite-sistemi\/","title":{"rendered":"QUALIT\u00c4TSSYSTEM"},"content":{"rendered":"<div id=\"modal-ready\"><p><img loading=\"lazy\" decoding=\"async\" class=\"icerik_resim alignright wp-image-152 size-full\" src=\"https:\/\/metehancnc.com\/rumedyam\/wp-content\/uploads\/2021\/03\/kalite_sistemi.jpg\" alt=\"\" width=\"200\" height=\"289\" \/>\u2022 Unter der Voraussetzung dass unser wichtigstes Produkt unsere Qualit\u00e4t ist, haben wir statt die Kontrolle der Qualit\u00e4t, die Produktion der Qualit\u00e4t uns angeeignet. Aus diesem Grund haben wir den Produktionsprozess vom Eingang zum Ausgang so geplant, dass der Schwerpunkt auf die Vorbeugung gelegt wird und somit die Qualit\u00e4tssicherung in der Produktion realisiert.<\/p>\n<p>\u2022 Jeder unserer Mitarbeiter wurde als Kunde des vorherigen Prozesses definiert. Jeder Mitarbeiter ist prim\u00e4r f\u00fcr die Qualit\u00e4t verantwortlich. Unser Ziel ist nicht nur die Probleme zu kl\u00e4ren, sondern die Probleme vom Grund aus zu verhindern bzw. zu beseitigen.<\/p>\n<p>\u2022 Wir bieten Fortbildungsma\u00dfnahmen f\u00fcr alle unserer Mitarbeiter und unterst\u00fctzen diese Ma\u00dfnahmen kontinuierlich und ermutigen unsere Mitarbeiter bei Qualit\u00e4tsverbesserungen und Qualit\u00e4tsentwicklungen beizutreten.<\/p>\n<p>\u2022 Unser Ziel ist eine bedingungslose Kundenzufriedenheit und kontinuierliche Entwicklung. Daher werden wir uns mit unseren Leistungen nie zufrieden stellen und immer die Bessere und Fehlerfreie suchen.<\/p>\n<\/div>","protected":false},"excerpt":{"rendered":"<p>\u2022 Unter der Voraussetzung dass unser wichtigstes Produkt unsere Qualit\u00e4t ist, haben wir statt die Kontrolle der Qualit\u00e4t, die Produktion der Qualit\u00e4t uns angeeignet. Aus diesem Grund haben wir den Produktionsprozess vom Eingang zum Ausgang so geplant, dass der Schwerpunkt auf die Vorbeugung gelegt wird und somit die Qualit\u00e4tssicherung in der Produktion realisiert. \u2022 Jeder [&hellip;]<\/p>\n","protected":false},"author":1,"featured_media":0,"parent":0,"menu_order":0,"comment_status":"closed","ping_status":"closed","template":"","meta":{"footnotes":""},"class_list":["post-151","page","type-page","status-publish","hentry"],"_links":{"self":[{"href":"https:\/\/metehancnc.com\/de\/wp-json\/wp\/v2\/pages\/151","targetHints":{"allow":["GET"]}}],"collection":[{"href":"https:\/\/metehancnc.com\/de\/wp-json\/wp\/v2\/pages"}],"about":[{"href":"https:\/\/metehancnc.com\/de\/wp-json\/wp\/v2\/types\/page"}],"author":[{"embeddable":true,"href":"https:\/\/metehancnc.com\/de\/wp-json\/wp\/v2\/users\/1"}],"replies":[{"embeddable":true,"href":"https:\/\/metehancnc.com\/de\/wp-json\/wp\/v2\/comments?post=151"}],"version-history":[{"count":2,"href":"https:\/\/metehancnc.com\/de\/wp-json\/wp\/v2\/pages\/151\/revisions"}],"predecessor-version":[{"id":154,"href":"https:\/\/metehancnc.com\/de\/wp-json\/wp\/v2\/pages\/151\/revisions\/154"}],"wp:attachment":[{"href":"https:\/\/metehancnc.com\/de\/wp-json\/wp\/v2\/media?parent=151"}],"curies":[{"name":"wp","href":"https:\/\/api.w.org\/{rel}","templated":true}]}}