{"id":209,"date":"2021-03-13T03:33:35","date_gmt":"2021-03-13T00:33:35","guid":{"rendered":"https:\/\/metehancnc.com\/rumedyam\/?page_id=209"},"modified":"2021-03-14T01:07:06","modified_gmt":"2021-03-13T22:07:06","slug":"iletisim","status":"publish","type":"page","link":"https:\/\/metehancnc.com\/de\/iletisim\/","title":{"rendered":"KONTAKT"},"content":{"rendered":"<div id=\"modal-ready\"><p><\/p>\n<div class=\"col-md-8\">\n<h2>Kontakt Informationen<\/h2>\n<div><iframe src=\"https:\/\/www.google.com\/maps\/embed?pb=!1m14!1m8!1m3!1d12036.308712768685!2d28.9153452!3d41.0454413!3m2!1i1024!2i768!4f13.1!3m3!1m2!1s0x0%3A0x70f68829fb0b6044!2sMETEHAN%20CNC%20MAK%C4%B0NA%20ve%20YEDEK%20PAR%C3%87A%20SANAY%C4%B0!5e0!3m2!1str!2str!4v1615671922955!5m2!1str!2str\" width=\"100%\" height=\"300px\" style=\"border:0;\" allowfullscreen=\"\" loading=\"lazy\"><\/iframe><\/div>\n<div>\n<div class=\"row mt-5 mb-1\">\n<div class=\"col-md-2\">Adresse<\/div>\n<div class=\"col-md-10\">: Yenido\u011fan Mh. Karaka\u015f Sk. Rami Eminta\u015f San.Sit.No:7 \/390-391 Bayrampa\u015fa \/ \u0130STANBUL \/ T\u00dcRK\u0130YE<\/div>\n<\/p><\/div>\n<div class=\"row mb-1\">\n<div class=\"col-md-2\">Telefon<\/div>\n<div class=\"col-md-10\">: +90 212 493 39 60 \/ +90 212 576 04 16<\/div>\n<\/p><\/div>\n<div class=\"row mb-1\">\n<div class=\"col-md-2\">Faks<\/div>\n<div class=\"col-md-10\">: +90 212 493 39 50<\/div>\n<\/p><\/div>\n<div class=\"row mb-1\">\n<div class=\"col-md-2\">E-mail<\/div>\n<div class=\"col-md-10\">: <a href=\"mailto:info@metehancnc.com\">info@metehancnc.com<\/a><\/div>\n<\/p><\/div>\n<\/p><\/div>\n<\/p><\/div>\n<\/div>\n<div class=\"col-md-4\">\n<h2>Kontakt Formular<\/h2>\n\n<div class=\"wpcf7 no-js\" id=\"wpcf7-f212-o3\" lang=\"tr-TR\" dir=\"ltr\" data-wpcf7-id=\"212\">\n<div class=\"screen-reader-response\"><p role=\"status\" aria-live=\"polite\" aria-atomic=\"true\"><\/p> <ul><\/ul><\/div>\n<form action=\"\/de\/wp-json\/wp\/v2\/pages\/209#wpcf7-f212-o3\" method=\"post\" class=\"wpcf7-form init\" aria-label=\"\u0130leti\u015fim Formu\" novalidate=\"novalidate\" data-status=\"init\">\n<div style=\"display: none;\">\n<input type=\"hidden\" name=\"_wpcf7\" value=\"212\" \/>\n<input type=\"hidden\" name=\"_wpcf7_version\" value=\"6.0.6\" \/>\n<input type=\"hidden\" name=\"_wpcf7_locale\" value=\"tr_TR\" \/>\n<input type=\"hidden\" name=\"_wpcf7_unit_tag\" value=\"wpcf7-f212-o3\" \/>\n<input type=\"hidden\" name=\"_wpcf7_container_post\" value=\"0\" \/>\n<input type=\"hidden\" name=\"_wpcf7_posted_data_hash\" value=\"\" \/>\n<\/div>\n<p><label> Dein Name<br \/>\n<span class=\"wpcf7-form-control-wrap\" data-name=\"your-name\"><input size=\"40\" maxlength=\"400\" class=\"wpcf7-form-control wpcf7-text wpcf7-validates-as-required\" aria-required=\"true\" aria-invalid=\"false\" value=\"\" type=\"text\" name=\"your-name\" \/><\/span> <\/label>\n<\/p>\n<p><label> E-Mail-Addresse<br \/>\n<span class=\"wpcf7-form-control-wrap\" data-name=\"your-email\"><input size=\"40\" maxlength=\"400\" class=\"wpcf7-form-control wpcf7-email wpcf7-validates-as-required wpcf7-text wpcf7-validates-as-email\" aria-required=\"true\" aria-invalid=\"false\" value=\"\" type=\"email\" name=\"your-email\" \/><\/span> <\/label>\n<\/p>\n<p><label> Phone<br \/>\n<span class=\"wpcf7-form-control-wrap\" data-name=\"tel-592\"><input size=\"40\" maxlength=\"400\" class=\"wpcf7-form-control wpcf7-tel wpcf7-validates-as-required wpcf7-text wpcf7-validates-as-tel\" aria-required=\"true\" aria-invalid=\"false\" value=\"\" type=\"tel\" name=\"tel-592\" \/><\/span> <\/label>\n<\/p>\n<p><label> Thema<br \/>\n<span class=\"wpcf7-form-control-wrap\" data-name=\"your-subject\"><input size=\"40\" maxlength=\"400\" class=\"wpcf7-form-control wpcf7-text wpcf7-validates-as-required\" aria-required=\"true\" aria-invalid=\"false\" value=\"\" type=\"text\" name=\"your-subject\" \/><\/span> <\/label>\n<\/p>\n<p><label> Deine Nachricht<br \/>\n<span class=\"wpcf7-form-control-wrap\" data-name=\"your-message\"><textarea cols=\"40\" rows=\"10\" maxlength=\"2000\" class=\"wpcf7-form-control wpcf7-textarea\" aria-invalid=\"false\" name=\"your-message\"><\/textarea><\/span> <\/label>\n<\/p>\n<p><input class=\"wpcf7-form-control wpcf7-submit has-spinner\" type=\"submit\" value=\"Senden\" \/>\n<\/p><p style=\"display: none !important;\" class=\"akismet-fields-container\" data-prefix=\"_wpcf7_ak_\"><label>&#916;<textarea name=\"_wpcf7_ak_hp_textarea\" cols=\"45\" rows=\"8\" maxlength=\"100\"><\/textarea><\/label><input type=\"hidden\" id=\"ak_js_3\" name=\"_wpcf7_ak_js\" value=\"176\"\/><script>document.getElementById( \"ak_js_3\" ).setAttribute( \"value\", ( new Date() ).getTime() );<\/script><\/p><div class=\"wpcf7-response-output\" aria-hidden=\"true\"><\/div>\n<\/form>\n<\/div>\n<\/div>\n<p><\/p>\n<\/div>","protected":false},"excerpt":{"rendered":"<p>Kontakt Informationen Adresse : Yenido\u011fan Mh. Karaka\u015f Sk. Rami Eminta\u015f San.Sit.No:7 \/390-391 Bayrampa\u015fa \/ \u0130STANBUL \/ T\u00dcRK\u0130YE Telefon : +90 212 493 39 60 \/ +90 212 576 04 16 Faks : +90 212 493 39 50 E-mail : info@metehancnc.com Kontakt Formular<\/p>\n","protected":false},"author":1,"featured_media":0,"parent":0,"menu_order":0,"comment_status":"closed","ping_status":"closed","template":"","meta":{"footnotes":""},"class_list":["post-209","page","type-page","status-publish","hentry"],"_links":{"self":[{"href":"https:\/\/metehancnc.com\/de\/wp-json\/wp\/v2\/pages\/209","targetHints":{"allow":["GET"]}}],"collection":[{"href":"https:\/\/metehancnc.com\/de\/wp-json\/wp\/v2\/pages"}],"about":[{"href":"https:\/\/metehancnc.com\/de\/wp-json\/wp\/v2\/types\/page"}],"author":[{"embeddable":true,"href":"https:\/\/metehancnc.com\/de\/wp-json\/wp\/v2\/users\/1"}],"replies":[{"embeddable":true,"href":"https:\/\/metehancnc.com\/de\/wp-json\/wp\/v2\/comments?post=209"}],"version-history":[{"count":28,"href":"https:\/\/metehancnc.com\/de\/wp-json\/wp\/v2\/pages\/209\/revisions"}],"predecessor-version":[{"id":246,"href":"https:\/\/metehancnc.com\/de\/wp-json\/wp\/v2\/pages\/209\/revisions\/246"}],"wp:attachment":[{"href":"https:\/\/metehancnc.com\/de\/wp-json\/wp\/v2\/media?parent=209"}],"curies":[{"name":"wp","href":"https:\/\/api.w.org\/{rel}","templated":true}]}}