{"id":7,"date":"2021-03-09T23:31:10","date_gmt":"2021-03-09T20:31:10","guid":{"rendered":"https:\/\/metehancnc.com\/rumedyam\/?page_id=7"},"modified":"2021-03-13T23:25:06","modified_gmt":"2021-03-13T20:25:06","slug":"ana-sayfa","status":"publish","type":"page","link":"https:\/\/metehancnc.com\/de\/","title":{"rendered":"STARTSEITE"},"content":{"rendered":"<div id=\"modal-ready\"><p><\/p>\n<div class=\"row\">\n<div class=\"col-md-4 anasayfa1\">\n<h2>41 Jahre Erfahrung<\/h2>\n<p>METEHAN CNC MAK\u0130NA OTOMOT\u0130V YEDEK PAR\u00c7A \u0130MALAT SANAY\u0130\u0130 wurde im Jahre 2002 gegr\u00fcndet.<\/p>\n<p>Der Gr\u00fcnder des Unternehmens hat seit den 80er Jahren, durch die Aufnahme von Aufgaben auf verschiedenen Ebenen bei branchenf\u00fchrenden Organisationen, geleitet von berufsbezogenen Fachwissen und Erfahrungen den notwendigen, modernen Maschinenpark gebildet und hat sich auf dem Sektor einen Namen mit METEHAN CNC MAK\u0130NA OTOMOT\u0130V YEDEK PAR\u00c7A \u0130MALAT SANAY\u0130\u0130 gemacht.<\/p>\n<p>Im Hinblick auf die Ziele des stabilen Wachstums und Anpassung der technologischen Entwicklung unter Einsatz von &#8230;\u00a0<a href=\"https:\/\/metehancnc.com\/rumedyam\/hakkimizda\/\">Mehr Lesen<\/a><\/p>\n<\/div>\n<div class=\"col-md-4 anasayfa2\">\n<h2>Wir Haben Unsere Qualit\u00e4t Dokumentiert<\/h2>\n<p><img decoding=\"async\" src=\"https:\/\/metehancnc.com\/images\/iso_logo.png\" alt=\"METEHAN CNC ISO 9001\" \/><\/p>\n<\/div>\n<div class=\"col-md-4 anasayfa3\">\n<h2>Nachrichten<\/h2>\n<p>\u2022 Unsere Website wurde neu gestaltet.<br \/>\n\u2022 Unsere Gesellschaft Begann &#8222;SOLIDCAM 2013&#8220; verwenden..<br \/>\n<img decoding=\"async\" src=\"https:\/\/metehancnc.com\/images\/solidcam.jpg\" alt=\"METEHAN CNC SOLIDCAM2013\" \/>\n<\/div>\n<\/div>\n<div class=\"row telif\">\n<div class=\"col\">\nSchriftliche und visuelle Materialien auf dieser Website geh\u00f6ren zu METEHAN CNC. Es kann nicht verwendet oder zitiert werden, auch wenn die Quelle ohne Erlaubnis angezeigt wird. Das Kopieren und Verwenden aller und \/ oder eines Teils der Werke auf dieser Website ohne Erlaubnis ist eine Straftat gem\u00e4\u00df dem Gesetz Nr. 5846 \u00fcber geistige und k\u00fcnstlerische Werke. Im Falle der Verwendung oder des Zitierens ohne Erlaubnis wird ein Gerichtsverfahren gegen diejenigen eingeleitet, die es ohne Erlaubnis verwenden.<\/div>\n<\/div>\n<p><\/p>\n<\/div>","protected":false},"excerpt":{"rendered":"<p>41 Jahre Erfahrung METEHAN CNC MAK\u0130NA OTOMOT\u0130V YEDEK PAR\u00c7A \u0130MALAT SANAY\u0130\u0130 wurde im Jahre 2002 gegr\u00fcndet. Der Gr\u00fcnder des Unternehmens hat seit den 80er Jahren, durch die Aufnahme von Aufgaben auf verschiedenen Ebenen bei branchenf\u00fchrenden Organisationen, geleitet von berufsbezogenen Fachwissen und Erfahrungen den notwendigen, modernen Maschinenpark gebildet und hat sich auf dem Sektor einen Namen [&hellip;]<\/p>\n","protected":false},"author":1,"featured_media":0,"parent":0,"menu_order":0,"comment_status":"closed","ping_status":"closed","template":"","meta":{"footnotes":""},"class_list":["post-7","page","type-page","status-publish","hentry"],"_links":{"self":[{"href":"https:\/\/metehancnc.com\/de\/wp-json\/wp\/v2\/pages\/7","targetHints":{"allow":["GET"]}}],"collection":[{"href":"https:\/\/metehancnc.com\/de\/wp-json\/wp\/v2\/pages"}],"about":[{"href":"https:\/\/metehancnc.com\/de\/wp-json\/wp\/v2\/types\/page"}],"author":[{"embeddable":true,"href":"https:\/\/metehancnc.com\/de\/wp-json\/wp\/v2\/users\/1"}],"replies":[{"embeddable":true,"href":"https:\/\/metehancnc.com\/de\/wp-json\/wp\/v2\/comments?post=7"}],"version-history":[{"count":62,"href":"https:\/\/metehancnc.com\/de\/wp-json\/wp\/v2\/pages\/7\/revisions"}],"predecessor-version":[{"id":216,"href":"https:\/\/metehancnc.com\/de\/wp-json\/wp\/v2\/pages\/7\/revisions\/216"}],"wp:attachment":[{"href":"https:\/\/metehancnc.com\/de\/wp-json\/wp\/v2\/media?parent=7"}],"curies":[{"name":"wp","href":"https:\/\/api.w.org\/{rel}","templated":true}]}}