{"id":9,"date":"2021-03-09T23:32:25","date_gmt":"2021-03-09T20:32:25","guid":{"rendered":"https:\/\/metehancnc.com\/rumedyam\/?page_id=9"},"modified":"2021-03-13T04:05:40","modified_gmt":"2021-03-13T01:05:40","slug":"hakkimizda","status":"publish","type":"page","link":"https:\/\/metehancnc.com\/de\/hakkimizda\/","title":{"rendered":"WIR \u00dcBER UNS"},"content":{"rendered":"<div id=\"modal-ready\"><!-- wp:image -->\r\n<figure class=\"wp-block-image\"><img loading=\"lazy\" decoding=\"async\" class=\"icerik_resim  alignright\" title=\"METEHAN CNC \/ HAKKIMIZDA\" src=\"http:\/\/metehancnc.com\/images\/hakkimizda.jpg\" alt=\"\" width=\"300\" height=\"188\" \/><\/figure>\r\n<h2><!-- \/wp:image -->\r\n\r\n<!-- wp:paragraph --><\/h2>\r\n<p>METEHAN CNC MAK\u0130NA OTOMOT\u0130V YEDEK PAR\u00c7A \u0130MALAT SANAY\u0130\u0130 2002 wurde im Jahre 2002 gegr\u00fcndet.<\/p>\r\n<p>Der Gr\u00fcnder des Unternehmens hat seit den 80er Jahren, durch die Aufnahme von Aufgaben auf verschiedenen Ebenen bei branchenf\u00fchrenden Organisationen, geleitet von berufsbezogenen Fachwissen und Erfahrungen den notwendigen, modernen Maschinenpark gebildet und hat sich auf dem Sektor einen Namen mit METEHAN CNC MAK\u0130NA OTOMOT\u0130V YEDEK PAR\u00c7A \u0130MALAT SANAY\u0130\u0130 gemacht.<\/p>\r\n<p>Im Hinblick auf die Ziele des stabilen Wachstums und Anpassung der technologischen Entwicklung unter Einsatz von notwendigen und bedarfsgerechten Investitionen verfolgt das Unternehmen, mit seinen erfahrenen Team durch serielle Produktion zur Steigerung der Wettbewerbsf\u00e4higkeit sicher seine Ziele.<\/p>\r\n<p>Mit Einsicht der kundenorientierten, transparenten Produktion, und Qualit\u00e4t ohne Kompromisse produziert das Unternehmen, mit seinen erfahrenen und kenntnisreichen Mitarbeitern, einschlie\u00dflich der Zerspanungstechnik jeder Art von Metallteilen.<\/p>\r\n<h2><!-- \/wp:paragraph -->\r\n\r\n<!-- wp:heading {\"level\":3} --><\/h2>\r\n<h3>Mission<\/h3>\r\n<p>Das Grundprinzip der METEHAN CNC MAK\u0130NA OTOMOT\u0130V YEDEK PAR\u00c7A \u0130MALAT SANAY\u0130\u0130 ist hochqualitatives und zuverl\u00e4ssiges Arbeiten als Basis zu nehmen und mithilfe der in Ihren Bereichen professionellen und disziplinierten Mitarbeitern, durch Produktion, Entwicklung und Projektleitung nach internationalen Qualit\u00e4tsstandards dem Sektor national sowie international und dem Wirtschaft des Landes Beitrag zu leisten.<\/p>\r\n<h2><!-- \/wp:heading -->\r\n\r\n<!-- wp:heading {\"level\":3} --><\/h2>\r\n<h3>Vision<\/h3>\r\n<p>Die Vision der METEHAN CNC MAK\u0130NA OTOMOT\u0130V YEDEK PAR\u00c7A \u0130MALAT SANAY\u0130\u0130 ist eine gro\u00dfe Wertlegung auf die kommerziellen und sozialen Beziehungen mit dem Gef\u00fchl der Ganzheit, gegenseitigen Vertrauens im Vordergrund und mit der richtigen Verwendung der Ressourcen, gem\u00e4\u00df der eigenen und internationalen Werten, das Unternehmen und das Land bestens zu repr\u00e4sentieren.<\/p>\r\n<h2><!-- \/wp:heading --><\/h2>\r\n<h2><!-- \/wp:paragraph --><!-- \/wp:paragraph --><\/h2><\/div>","protected":false},"excerpt":{"rendered":"<p>METEHAN CNC MAK\u0130NA OTOMOT\u0130V YEDEK PAR\u00c7A \u0130MALAT SANAY\u0130\u0130 2002 wurde im Jahre 2002 gegr\u00fcndet. Der Gr\u00fcnder des Unternehmens hat seit den 80er Jahren, durch die Aufnahme von Aufgaben auf verschiedenen Ebenen bei branchenf\u00fchrenden Organisationen, geleitet von berufsbezogenen Fachwissen und Erfahrungen den notwendigen, modernen Maschinenpark gebildet und hat sich auf dem Sektor einen Namen mit METEHAN [&hellip;]<\/p>\n","protected":false},"author":1,"featured_media":0,"parent":0,"menu_order":0,"comment_status":"closed","ping_status":"closed","template":"","meta":{"footnotes":""},"class_list":["post-9","page","type-page","status-publish","hentry"],"_links":{"self":[{"href":"https:\/\/metehancnc.com\/de\/wp-json\/wp\/v2\/pages\/9","targetHints":{"allow":["GET"]}}],"collection":[{"href":"https:\/\/metehancnc.com\/de\/wp-json\/wp\/v2\/pages"}],"about":[{"href":"https:\/\/metehancnc.com\/de\/wp-json\/wp\/v2\/types\/page"}],"author":[{"embeddable":true,"href":"https:\/\/metehancnc.com\/de\/wp-json\/wp\/v2\/users\/1"}],"replies":[{"embeddable":true,"href":"https:\/\/metehancnc.com\/de\/wp-json\/wp\/v2\/comments?post=9"}],"version-history":[{"count":12,"href":"https:\/\/metehancnc.com\/de\/wp-json\/wp\/v2\/pages\/9\/revisions"}],"predecessor-version":[{"id":109,"href":"https:\/\/metehancnc.com\/de\/wp-json\/wp\/v2\/pages\/9\/revisions\/109"}],"wp:attachment":[{"href":"https:\/\/metehancnc.com\/de\/wp-json\/wp\/v2\/media?parent=9"}],"curies":[{"name":"wp","href":"https:\/\/api.w.org\/{rel}","templated":true}]}}