{"id":110,"date":"2021-03-13T02:17:52","date_gmt":"2021-03-12T23:17:52","guid":{"rendered":"https:\/\/metehancnc.com\/rumedyam\/?page_id=110"},"modified":"2021-03-13T04:05:40","modified_gmt":"2021-03-13T01:05:40","slug":"uretim","status":"publish","type":"page","link":"https:\/\/metehancnc.com\/en\/uretim\/","title":{"rendered":"PRODUCTION"},"content":{"rendered":"<div id=\"modal-ready\"><p><\/p>\n<div class=\"row\"><img loading=\"lazy\" decoding=\"async\" width=\"953\" height=\"255\" class=\"icerik_ortali_resim aligncenter wp-image-111 size-full\" src=\"https:\/\/metehancnc.com\/rumedyam\/wp-content\/uploads\/2021\/03\/uretim.jpg\" srcset=\"https:\/\/metehancnc.com\/wp-content\/uploads\/2021\/03\/uretim.jpg 953w, https:\/\/metehancnc.com\/wp-content\/uploads\/2021\/03\/uretim-300x80.jpg 300w, https:\/\/metehancnc.com\/wp-content\/uploads\/2021\/03\/uretim-768x205.jpg 768w\" sizes=\"auto, (max-width: 953px) 100vw, 953px\" \/><\/div>\n<p>METEHAN CNC MAK\u0130NA OTOMOT\u0130V YEDEK PAR\u00c7A \u0130MALAT SANAY\u0130\u0130 fulfils the manifacturing of the items below with its highly skillful and trained staff and technological CNC and mechanical hardwares;<\/p>\n<ul>\n<li>\u2022 Automotive and Machine Spare Parts<\/li>\n<li>\u2022 Various Components of Packing Machines<\/li>\n<li>\u2022 Gears<\/li>\n<li>\u2022 Automotive Transition Devices<\/li>\n<li>\u2022 Machine Apparatus<\/li>\n<li>\u2022 Moulding Systems<\/li>\n<li>\u2022 Every Kind of Metal Items of Chip Machinig.<\/li>\n<\/ul>\n<h3>Field Of Activity<\/h3>\n<div class=\"row\">\n<div class=\"col-md-2\">\n\u2022 Machine Industry<br \/>\n\u2022 Automotive Industry<br \/>\n\u2022 Packing Machines\n<\/div>\n<div class=\"col-md-2\">\n\u2022 White Goods<br \/>\n\u2022 Iron &#8211; Steel<br \/>\n\u2022 Molding Industry\n<\/div>\n<div class=\"col-md-2\">\n\u2022 Building and Structure<br \/>\n\u2022 Food and Beverage<br \/>\n\u2022 Textile Industry\n<\/div>\n<div class=\"col-md-2\">\n\u2022 Glass Industry<br \/>\n\u2022 Special Design Machine<br \/>\n\u2022 Decoration- Accessory\n<\/div>\n<\/div>\n<p><\/p>\n<\/div>","protected":false},"excerpt":{"rendered":"<p>METEHAN CNC MAK\u0130NA OTOMOT\u0130V YEDEK PAR\u00c7A \u0130MALAT SANAY\u0130\u0130 fulfils the manifacturing of the items below with its highly skillful and trained staff and technological CNC and mechanical hardwares; \u2022 Automotive and Machine Spare Parts \u2022 Various Components of Packing Machines \u2022 Gears \u2022 Automotive Transition Devices \u2022 Machine Apparatus \u2022 Moulding Systems \u2022 Every Kind [&hellip;]<\/p>\n","protected":false},"author":1,"featured_media":0,"parent":0,"menu_order":0,"comment_status":"closed","ping_status":"closed","template":"","meta":{"footnotes":""},"class_list":["post-110","page","type-page","status-publish","hentry"],"_links":{"self":[{"href":"https:\/\/metehancnc.com\/en\/wp-json\/wp\/v2\/pages\/110","targetHints":{"allow":["GET"]}}],"collection":[{"href":"https:\/\/metehancnc.com\/en\/wp-json\/wp\/v2\/pages"}],"about":[{"href":"https:\/\/metehancnc.com\/en\/wp-json\/wp\/v2\/types\/page"}],"author":[{"embeddable":true,"href":"https:\/\/metehancnc.com\/en\/wp-json\/wp\/v2\/users\/1"}],"replies":[{"embeddable":true,"href":"https:\/\/metehancnc.com\/en\/wp-json\/wp\/v2\/comments?post=110"}],"version-history":[{"count":15,"href":"https:\/\/metehancnc.com\/en\/wp-json\/wp\/v2\/pages\/110\/revisions"}],"predecessor-version":[{"id":127,"href":"https:\/\/metehancnc.com\/en\/wp-json\/wp\/v2\/pages\/110\/revisions\/127"}],"wp:attachment":[{"href":"https:\/\/metehancnc.com\/en\/wp-json\/wp\/v2\/media?parent=110"}],"curies":[{"name":"wp","href":"https:\/\/api.w.org\/{rel}","templated":true}]}}