{"id":267,"date":"2021-03-22T17:10:43","date_gmt":"2021-03-22T14:10:43","guid":{"rendered":"https:\/\/metehancnc.com\/rumedyam\/?page_id=267"},"modified":"2025-05-01T14:51:04","modified_gmt":"2025-05-01T11:51:04","slug":"videolar","status":"publish","type":"page","link":"https:\/\/metehancnc.com\/en\/videolar\/","title":{"rendered":"VIDEOS"},"content":{"rendered":"<div id=\"modal-ready\"><p>https:\/\/youtu.be\/IngzkivSJec<\/p>\n<p><iframe loading=\"lazy\" title=\"Flexo Bask\u0131 Makinas\u0131\" width=\"500\" height=\"281\" src=\"https:\/\/www.youtube.com\/embed\/kv36to-L1ro?feature=oembed\" frameborder=\"0\" allow=\"accelerometer; autoplay; clipboard-write; encrypted-media; gyroscope; picture-in-picture; web-share\" referrerpolicy=\"strict-origin-when-cross-origin\" allowfullscreen><\/iframe><\/p>\n<p><iframe loading=\"lazy\" title=\"Merkezi tamburlu flexo\" width=\"500\" height=\"281\" src=\"https:\/\/www.youtube.com\/embed\/ZYIsIoaqW-E?feature=oembed\" frameborder=\"0\" allow=\"accelerometer; autoplay; clipboard-write; encrypted-media; gyroscope; picture-in-picture; web-share\" referrerpolicy=\"strict-origin-when-cross-origin\" allowfullscreen><\/iframe><\/p>\n<div style=\"width: 640px;\" class=\"wp-video\"><video class=\"wp-video-shortcode\" id=\"video-267-3\" width=\"640\" height=\"352\" preload=\"metadata\" controls=\"controls\"><source type=\"video\/mp4\" src=\"https:\/\/metehancnc.com\/wp-content\/uploads\/2021\/04\/VID-20210421-WA0001-4.mp4?_=3\" \/><a href=\"https:\/\/metehancnc.com\/wp-content\/uploads\/2021\/04\/VID-20210421-WA0001-4.mp4\">https:\/\/metehancnc.com\/wp-content\/uploads\/2021\/04\/VID-20210421-WA0001-4.mp4<\/a><\/video><\/div>\n<div style=\"width: 640px;\" class=\"wp-video\"><video class=\"wp-video-shortcode\" id=\"video-267-4\" width=\"640\" height=\"352\" preload=\"metadata\" controls=\"controls\"><source type=\"video\/mp4\" src=\"https:\/\/metehancnc.com\/wp-content\/uploads\/2021\/04\/VID-20191221-WA0002-2.mp4?_=4\" \/><a href=\"https:\/\/metehancnc.com\/wp-content\/uploads\/2021\/04\/VID-20191221-WA0002-2.mp4\">https:\/\/metehancnc.com\/wp-content\/uploads\/2021\/04\/VID-20191221-WA0002-2.mp4<\/a><\/video><\/div>\n<p><iframe loading=\"lazy\" title=\"FLEXO BASKI MAK\u0130NES\u0130\" width=\"500\" height=\"281\" src=\"https:\/\/www.youtube.com\/embed\/4Z2sxwPY0eo?feature=oembed\" frameborder=\"0\" allow=\"accelerometer; autoplay; clipboard-write; encrypted-media; gyroscope; picture-in-picture; web-share\" referrerpolicy=\"strict-origin-when-cross-origin\" allowfullscreen><\/iframe><\/p>\n<p>&nbsp;<\/p>\n<p>6 Renk 80cm bask\u0131 gerginli\u011fi,<br \/>\nKau\u00e7uk merdaneli,<br \/>\nKompaktik Flexo Bask\u0131 Makinesi<\/p>\n<p><iframe loading=\"lazy\" title=\"D\u0130L\u0130MLEME MAK\u0130NES\u0130\" width=\"500\" height=\"281\" src=\"https:\/\/www.youtube.com\/embed\/dfHN0T7zyzg?feature=oembed\" frameborder=\"0\" allow=\"accelerometer; autoplay; clipboard-write; encrypted-media; gyroscope; picture-in-picture; web-share\" referrerpolicy=\"strict-origin-when-cross-origin\" allowfullscreen><\/iframe><\/p>\n<p>130cm Dilimleme Makinesi<\/p>\n<\/div>","protected":false},"excerpt":{"rendered":"<p>https:\/\/youtu.be\/IngzkivSJec &nbsp; 6 Renk 80cm bask\u0131 gerginli\u011fi, Kau\u00e7uk merdaneli, Kompaktik Flexo Bask\u0131 Makinesi 130cm Dilimleme Makinesi<\/p>\n","protected":false},"author":3,"featured_media":0,"parent":0,"menu_order":0,"comment_status":"closed","ping_status":"closed","template":"","meta":{"footnotes":""},"class_list":["post-267","page","type-page","status-publish","hentry"],"_links":{"self":[{"href":"https:\/\/metehancnc.com\/en\/wp-json\/wp\/v2\/pages\/267","targetHints":{"allow":["GET"]}}],"collection":[{"href":"https:\/\/metehancnc.com\/en\/wp-json\/wp\/v2\/pages"}],"about":[{"href":"https:\/\/metehancnc.com\/en\/wp-json\/wp\/v2\/types\/page"}],"author":[{"embeddable":true,"href":"https:\/\/metehancnc.com\/en\/wp-json\/wp\/v2\/users\/3"}],"replies":[{"embeddable":true,"href":"https:\/\/metehancnc.com\/en\/wp-json\/wp\/v2\/comments?post=267"}],"version-history":[{"count":11,"href":"https:\/\/metehancnc.com\/en\/wp-json\/wp\/v2\/pages\/267\/revisions"}],"predecessor-version":[{"id":349,"href":"https:\/\/metehancnc.com\/en\/wp-json\/wp\/v2\/pages\/267\/revisions\/349"}],"wp:attachment":[{"href":"https:\/\/metehancnc.com\/en\/wp-json\/wp\/v2\/media?parent=267"}],"curies":[{"name":"wp","href":"https:\/\/api.w.org\/{rel}","templated":true}]}}