{"id":7,"date":"2021-03-09T23:31:10","date_gmt":"2021-03-09T20:31:10","guid":{"rendered":"https:\/\/metehancnc.com\/rumedyam\/?page_id=7"},"modified":"2021-03-13T23:25:06","modified_gmt":"2021-03-13T20:25:06","slug":"ana-sayfa","status":"publish","type":"page","link":"https:\/\/metehancnc.com\/en\/","title":{"rendered":"HOME"},"content":{"rendered":"<div id=\"modal-ready\"><p><\/p>\n<div class=\"row\">\n<div class=\"col-md-4 anasayfa1\">\n<h2>41 Years Experience<\/h2>\n<p>METEHAN CNC MAK\u0130NA OTOMOT\u0130V YEDEK PAR\u00c7A \u0130MALAT SANAY\u0130\u0130 was founded in 2002. The founder of the company is fair knowledgable and experienced in the market thanks to the dozens of the years (since 1980) he has spent in making business with the different pioneer firms in worldwide.<\/p>\n<p>METEHAN CNC MAK\u0130NA OTOMOT\u0130V YEDEK PAR\u00c7A \u0130MALAT SANAY\u0130\u0130 maintains exceptionally high standards for quality, health and safety, and environmental protection and is committed to delivering projects on budget and on schedule to the complete satisfaction of its clients. It is an established specialist in high quality precision engineering, manufacturing a wide range of components and subassemblies using the latest&#8230;\u00a0<a href=\"https:\/\/metehancnc.com\/rumedyam\/hakkimizda\/\">Read More<\/a><\/p>\n<\/div>\n<div class=\"col-md-4 anasayfa2\">\n<h2>We Have Documented Our Quality<\/h2>\n<p><img decoding=\"async\" src=\"https:\/\/metehancnc.com\/images\/iso_logo.png\" alt=\"METEHAN CNC ISO 9001\" \/><\/p>\n<\/div>\n<div class=\"col-md-4 anasayfa3\">\n<h2>News<\/h2>\n<p>\u2022 Our site has been redesigned.<br \/>\n\u2022 Our company started to use &#8220;SOLIDCAM 2013&#8221;.<br \/>\n<img decoding=\"async\" src=\"https:\/\/metehancnc.com\/images\/solidcam.jpg\" alt=\"METEHAN CNC SOLIDCAM2013\" \/>\n<\/div>\n<\/div>\n<div class=\"row telif\">\n<div class=\"col\">\nWritten and visual materials on this site belong to METEHAN CNC. It cannot be used or quoted, even by showing the source without permission. Copying and using all and \/ or part of the works on this site without permission is a crime according to the Law No. 5846 on Intellectual and Artistic Works. In case of using or quoting without permission, legal proceedings will be made against unauthorized users.<\/div>\n<\/div>\n<p><\/p>\n<\/div>","protected":false},"excerpt":{"rendered":"<p>41 Years Experience METEHAN CNC MAK\u0130NA OTOMOT\u0130V YEDEK PAR\u00c7A \u0130MALAT SANAY\u0130\u0130 was founded in 2002. The founder of the company is fair knowledgable and experienced in the market thanks to the dozens of the years (since 1980) he has spent in making business with the different pioneer firms in worldwide. METEHAN CNC MAK\u0130NA OTOMOT\u0130V YEDEK [&hellip;]<\/p>\n","protected":false},"author":1,"featured_media":0,"parent":0,"menu_order":0,"comment_status":"closed","ping_status":"closed","template":"","meta":{"footnotes":""},"class_list":["post-7","page","type-page","status-publish","hentry"],"_links":{"self":[{"href":"https:\/\/metehancnc.com\/en\/wp-json\/wp\/v2\/pages\/7","targetHints":{"allow":["GET"]}}],"collection":[{"href":"https:\/\/metehancnc.com\/en\/wp-json\/wp\/v2\/pages"}],"about":[{"href":"https:\/\/metehancnc.com\/en\/wp-json\/wp\/v2\/types\/page"}],"author":[{"embeddable":true,"href":"https:\/\/metehancnc.com\/en\/wp-json\/wp\/v2\/users\/1"}],"replies":[{"embeddable":true,"href":"https:\/\/metehancnc.com\/en\/wp-json\/wp\/v2\/comments?post=7"}],"version-history":[{"count":62,"href":"https:\/\/metehancnc.com\/en\/wp-json\/wp\/v2\/pages\/7\/revisions"}],"predecessor-version":[{"id":216,"href":"https:\/\/metehancnc.com\/en\/wp-json\/wp\/v2\/pages\/7\/revisions\/216"}],"wp:attachment":[{"href":"https:\/\/metehancnc.com\/en\/wp-json\/wp\/v2\/media?parent=7"}],"curies":[{"name":"wp","href":"https:\/\/api.w.org\/{rel}","templated":true}]}}