{"id":9,"date":"2021-03-09T23:32:25","date_gmt":"2021-03-09T20:32:25","guid":{"rendered":"https:\/\/metehancnc.com\/rumedyam\/?page_id=9"},"modified":"2021-03-13T04:05:40","modified_gmt":"2021-03-13T01:05:40","slug":"hakkimizda","status":"publish","type":"page","link":"https:\/\/metehancnc.com\/en\/hakkimizda\/","title":{"rendered":"ABOUT US"},"content":{"rendered":"<div id=\"modal-ready\"><!-- wp:image -->\r\n<figure class=\"wp-block-image\"><img loading=\"lazy\" decoding=\"async\" class=\"icerik_resim  alignright\" title=\"METEHAN CNC \/ HAKKIMIZDA\" src=\"http:\/\/metehancnc.com\/images\/hakkimizda.jpg\" alt=\"\" width=\"300\" height=\"188\" \/><\/figure>\r\n<h2><!-- \/wp:image -->\r\n\r\n<!-- wp:paragraph --><\/h2>\r\n<p>METEHAN CNC MAK\u0130NA OTOMOT\u0130V YEDEK PAR\u00c7A \u0130MALAT SANAY\u0130\u0130 was founded in 2002. The founder of the company is fair knowledgeable and experienced in the market thanks to the dozens of the years ( since 1980 ) he has spent in running business with the different pioneer firms in worldwide.<\/p>\r\n<p>METEHAN CNC MAK\u0130NA OTOMOT\u0130V YEDEK PAR\u00c7A \u0130MALAT SANAY\u0130\u0130 maintains exceptionally high standards for quality, health and safety, and environmental protection and is committed to delivering projects on budget and on schedule to the full satisfaction of its customers. It is an established specialist in high quality precision engineering, producing a wide range of items and subassemblies using the latest CNC technology.<\/p>\r\n<p>It fulfils the manifacturing of all types of metal items including chip machining with its highly skillful and trained staff on the basis of quality service.<\/p>\r\n<h2><!-- \/wp:paragraph -->\r\n\r\n<!-- wp:heading {\"level\":3} -->\r\n<h3>Our Mission<\/h3>\r\n<p>Our main concern is to contribute to both inland and oversea market on the basis of quality and mutual trust and international standarts with our proffesional and highly competent staff.<\/p>\r\n<h2><!-- \/wp:heading --><\/h2>\r\n\r\n<!-- wp:heading {\"level\":3} -->\r\n<h3>Our Vision<\/h3>\r\n<p>METEHAN CNC MAK\u0130NA OTOMOT\u0130V YEDEK PAR\u00c7A \u0130MALAT SANAY\u0130\u0130 has been active internationally for years, establishing a multicultural network that spans every continent, having continuing partners across Turkey and in other countries around the World with mutual trust and respect and trying to represent our country and market best.<\/p>\r\n<!-- \/wp:heading --><\/div>","protected":false},"excerpt":{"rendered":"<p>METEHAN CNC MAK\u0130NA OTOMOT\u0130V YEDEK PAR\u00c7A \u0130MALAT SANAY\u0130\u0130 was founded in 2002. The founder of the company is fair knowledgeable and experienced in the market thanks to the dozens of the years ( since 1980 ) he has spent in running business with the different pioneer firms in worldwide. METEHAN CNC MAK\u0130NA OTOMOT\u0130V YEDEK PAR\u00c7A [&hellip;]<\/p>\n","protected":false},"author":1,"featured_media":0,"parent":0,"menu_order":0,"comment_status":"closed","ping_status":"closed","template":"","meta":{"footnotes":""},"class_list":["post-9","page","type-page","status-publish","hentry"],"_links":{"self":[{"href":"https:\/\/metehancnc.com\/en\/wp-json\/wp\/v2\/pages\/9","targetHints":{"allow":["GET"]}}],"collection":[{"href":"https:\/\/metehancnc.com\/en\/wp-json\/wp\/v2\/pages"}],"about":[{"href":"https:\/\/metehancnc.com\/en\/wp-json\/wp\/v2\/types\/page"}],"author":[{"embeddable":true,"href":"https:\/\/metehancnc.com\/en\/wp-json\/wp\/v2\/users\/1"}],"replies":[{"embeddable":true,"href":"https:\/\/metehancnc.com\/en\/wp-json\/wp\/v2\/comments?post=9"}],"version-history":[{"count":12,"href":"https:\/\/metehancnc.com\/en\/wp-json\/wp\/v2\/pages\/9\/revisions"}],"predecessor-version":[{"id":109,"href":"https:\/\/metehancnc.com\/en\/wp-json\/wp\/v2\/pages\/9\/revisions\/109"}],"wp:attachment":[{"href":"https:\/\/metehancnc.com\/en\/wp-json\/wp\/v2\/media?parent=9"}],"curies":[{"name":"wp","href":"https:\/\/api.w.org\/{rel}","templated":true}]}}